{"id":14,"date":"2013-04-19T00:00:47","date_gmt":"2011-08-28T23:19:08","guid":{"rendered":"http:\/\/www.simoneundjoachim.de\/?page_id=14"},"modified":"2018-07-05T11:51:17","modified_gmt":"2018-07-05T09:51:17","slug":"uber-uns","status":"publish","type":"page","link":"http:\/\/simoneundjoachim.de\/de\/uber-uns\/","title":{"rendered":"\u00dcber uns"},"content":{"rendered":"<p><a href=\"http:\/\/simoneundjoachim.de\/de\/wp-content\/uploads\/2013\/04\/Familienbild1.jpg\"><img decoding=\"async\" loading=\"lazy\" class=\"size-medium wp-image-1378405 alignright\" src=\"http:\/\/simoneundjoachim.de\/de\/wp-content\/uploads\/2013\/04\/Familienbild1-300x225.jpg\" alt=\"Familienbild\" width=\"300\" height=\"225\" srcset=\"http:\/\/simoneundjoachim.de\/de\/wp-content\/uploads\/2013\/04\/Familienbild1-300x225.jpg 300w, http:\/\/simoneundjoachim.de\/de\/wp-content\/uploads\/2013\/04\/Familienbild1-1024x768.jpg 1024w, http:\/\/simoneundjoachim.de\/de\/wp-content\/uploads\/2013\/04\/Familienbild1-399x300.jpg 399w, http:\/\/simoneundjoachim.de\/de\/wp-content\/uploads\/2013\/04\/Familienbild1.jpg 1740w\" sizes=\"(max-width: 300px) 100vw, 300px\" \/><\/a><br \/>\nWie der Name unserer Internetseite schon sagt sind wir Simone und Joachim und wir leben und arbeiten auf der <a href=\"http:\/\/de.wikipedia.org\/wiki\/Republik_China\" target=\"_blank\" rel=\"noopener\">Insel Taiwan<\/a> und haben deshalb auch immer wieder \u201eNeues von der Insel\u201c zu berichten.<\/p>\n<p><b>Joachim<\/b><br \/>\nIch komme aus dem kleinen Dorf <a href=\"http:\/\/www.schopfloch.de\/2321_DEU_WWW.php\" target=\"_blank\" rel=\"noopener\">Oberiflingen<\/a> am Rande des Schwarzwaldes. In der Kinderstunde und Jungschar habe ich schon fr\u00fch erkannt, dass es Gott gibt und dass ich ihn durch Jesus kennenlernen kann. Ich habe damals erkannt dass Jesus ein Freund f\u00fcrs Leben \u00a0ist und mir Hoffnung auch \u00fcber dieses Leben hinaus gibt. Diese Hoffnung m\u00f6chte ich auch gerne weitergeben. Nach dem Abitur wollte ich meinen Zivildienst im Ausland machen aber Gott hatte andere Pl\u00e4ne. Stattdessen bin ich in der Diakoniestation in Bad Wildbad gelandet, was eine sehr herausfordernde und pr\u00e4gende Zeit war. Nach dem Zivildienst habe ich Informatik an der <a href=\"http:\/\/www.dhbw-karlsruhe.de\/\" target=\"_blank\" rel=\"noopener\">Dualen Hochschule in Karlsruhe<\/a> studiert. F\u00fcr \u00fcber 10 Jahre habe ich dann bei <a href=\"http:\/\/www.berthold.com\/\">Berthold Technologies<\/a> gearbeitet und Messger\u00e4te f\u00fcr die Stahlindustrie entwickelt. W\u00e4hrend dieser Zeit habe ich auch noch Theologie an der <a href=\"http:\/\/www.awm-korntal.de\">Akademie f\u00fcr Weltmission in Korntal<\/a> studiert und in der Jugendarbeit der <a href=\"http:\/\/www.neuenbuerg-evangelisch.de\/\" target=\"_blank\" rel=\"noopener\">Evangelischen Kirchengemeinde Neuenb\u00fcrg<\/a> mitgearbeitet.<\/p>\n<p><b>Simone<\/b><br \/>\nIch bin in einer Pfarrersfamilie in <a href=\"http:\/\/www.lossburg.de\/de\/Gemeinde\/Ortsteile\/Wittendorf\">Wittendorf<\/a> im Schwarzwald gro\u00df geworden und schon fr\u00fch in den christlichen Glauben hineingewachsen. Ich habe nach und nach gemerkt, wie wichtig eine pers\u00f6nliche Beziehung zu Jesus f\u00fcr mein Leben ist. Ich habe erlebt, dass er immer bei mir ist und dass ich ihm vertrauen kann. Mit vierzehn Jahren bin ich dann mit meiner Familie nach Neuenb\u00fcrg gezogen. Nach dem Abitur habe ich ein FSJ in Sambia an der <a href=\"http:\/\/www.amanocs.org\/\" target=\"_blank\" rel=\"noopener\">Amanoschule<\/a> gemacht und dann ein halbes Jahr Praktikum in der Kinder- und Jugendarbeit bei den <a href=\"http:\/\/www.die-apis.de\/\" target=\"_blank\" rel=\"noopener\">Apis<\/a> im Kreis Schw\u00e4bisch Hall. Danach habe ich Grund- und Hauptschullehramt an der <a href=\"http:\/\/www.ph-karlsruhe.de\/\" target=\"_blank\" rel=\"noopener\">PH in Karlsruhe<\/a> studiert. Mein Referendariat habe ich dann in der <a href=\"http:\/\/www.wilhelm-ganzhorn-ghs.de\/\">Grund-und Hauptschule in Conweiler<\/a> gemacht.<\/p>\n<p><b>Unser gemeinsamer Weg<\/b><br \/>\nKennengelernt haben wir uns schon fr\u00fch im Sch\u00fclerbibelkreis im Kepler Gymnasium in Freudenstadt. Wieder getroffen haben wir uns aber erst sp\u00e4ter wieder in <a href=\"http:\/\/www.neuenbuerg.de\/\">Neuenb\u00fcrg<\/a>. Dort haben wir im Juni 2007 geheiratet. In Neuenb\u00fcrg haben wir auch die letzten Jahre gewohnt und geh\u00f6ren dort zur <a href=\"http:\/\/www.neuenbuerg-evangelisch.de\/\">evangelischen Kirchengemeinde<\/a>.<\/p>\n<p>Schon lange haben wir daf\u00fcr gebetet, dass Gott uns zeigt, was er mit unserem Leben vorhat. Im Fr\u00fchjahr 2010 kam dann die <a href=\"http:\/\/marburger-mission.org\/\">Stiftung Marburger Mission<\/a> auf uns zu und hat uns gefragt, ob wir uns es nicht vorstellen k\u00f6nnten nach Taiwan zu gehen. Wir haben daf\u00fcr gebetet und nach und nach von Gott die Best\u00e4tigung bekommen, dass dies der richtige Weg f\u00fcr uns ist. Zur weiteren Ausbildung haben wir dann noch f\u00fcr eineinhalb Jahre an der <a href=\"http:\/\/www.ciu.edu\/\">Columbia International University<\/a> in <a href=\"http:\/\/de.wikipedia.org\/wiki\/Columbia_%28South_Carolina%29\" target=\"_blank\" rel=\"noopener\">Columbia, South Carolina<\/a>, USA studiert. Dort ist unsere \u00e4lteste Tochter geboren. In Columbia haben wir auch ein zuhause in <a href=\"www.apostlescolumbia.org\">Church of the Apostles<\/a> gefunden.<\/p>\n<p><b>Unsere Arbeit in Taiwan<br \/>\n<\/b>Seit 2013 arbeiten wir offiziell mit der <a href=\"http:\/\/marburger-mission.org\/\">Stiftung Marburger Mission<\/a> zusammen und im November 2013 sind wir als Missionare nach Taiwan ausgereist, wo auch unsere anderen Kinder geboren sind. Missionar bedeutet einfach \u201eGesandter.\u201c Das ist ein Mensch der in ein anderes Land gesandt wird um die christliche Botschaft dort mit Wort und Tat weiterzugeben. Jeder Mensch soll die M\u00f6glichkeit haben den Glauben an Jesus Christus f\u00fcr sein Leben zu w\u00e4hlen, wenn er m\u00f6chte.<br \/>\nTaiwan ist ein sehr modernes Land. Trotzdem leben viele Menschen in \u00c4ngsten und Zw\u00e4ngen ihrer traditionellen Religionen \u2013 einer Mischung aus Ahnenkult, Geisterglaube, Buddhismus und Taoismus. Ungef\u00e4hr 5% der Menschen in Taiwan geh\u00f6ren einer christlichen Kirche an. Die Kirchen in Taiwan sind oft klein und deshalb noch immer auf Hilfe von au\u00dfen angewiesen. Deshalb wollen wir die taiwanesischen Christen und Kirchen st\u00e4rken, um ihnen zu helfen die christliche Botschaft selbst weiterzugeben. Unsere Hauptaufgabe ist es am <a href=\"http:\/\/www.cls.org.tw\">China Lutheran Seminary<\/a>, einer kleinen christlichen Universit\u00e4t, taiwanesische Pastoren und Mitarbeiter auszubilden.<\/p>\n<p>Wir k\u00f6nnen und wollen hier Taiwan nicht alleine Gott dienen. Es ist uns sehr wichtig, dass Leute hinter uns stehen und f\u00fcr uns beten. Ohne ein Team das uns unterst\u00fctzt ist unsere Arbeit in Taiwan nicht m\u00f6glich. Wir freuen uns \u00fcber jeden einzelnen, der den Weg mit uns gemeinsam geht, uns vor allem im Gebet unterst\u00fctzt und mit uns in Kontakt bleiben m\u00f6chte. Auf unserer Seite kann man sich immer wieder informieren was bei uns gerade los ist oder man kann auch aktuelle Nachrichten von uns per Email oder Post bekommen.<\/p>\n","protected":false},"excerpt":{"rendered":"<p>Wie der Name unserer Internetseite schon sagt sind wir Simone und Joachim und wir leben und arbeiten auf der Insel Taiwan und haben deshalb auch immer wieder \u201eNeues von der Insel\u201c zu berichten. Joachim Ich komme aus dem kleinen Dorf &hellip; <a class=\"more-link\" href=\"http:\/\/simoneundjoachim.de\/de\/uber-uns\/\">Weiterlesen <span class=\"meta-nav\">&rarr;<\/span><\/a><\/p>\n","protected":false},"author":1,"featured_media":0,"parent":0,"menu_order":0,"comment_status":"open","ping_status":"open","template":"","meta":{"_s2mail":"yes"},"_links":{"self":[{"href":"http:\/\/simoneundjoachim.de\/de\/wp-json\/wp\/v2\/pages\/14"}],"collection":[{"href":"http:\/\/simoneundjoachim.de\/de\/wp-json\/wp\/v2\/pages"}],"about":[{"href":"http:\/\/simoneundjoachim.de\/de\/wp-json\/wp\/v2\/types\/page"}],"author":[{"embeddable":true,"href":"http:\/\/simoneundjoachim.de\/de\/wp-json\/wp\/v2\/users\/1"}],"replies":[{"embeddable":true,"href":"http:\/\/simoneundjoachim.de\/de\/wp-json\/wp\/v2\/comments?post=14"}],"version-history":[{"count":0,"href":"http:\/\/simoneundjoachim.de\/de\/wp-json\/wp\/v2\/pages\/14\/revisions"}],"wp:attachment":[{"href":"http:\/\/simoneundjoachim.de\/de\/wp-json\/wp\/v2\/media?parent=14"}],"curies":[{"name":"wp","href":"https:\/\/api.w.org\/{rel}","templated":true}]}}